{"id":1492,"date":"2023-09-12T08:26:52","date_gmt":"2023-09-12T08:26:52","guid":{"rendered":"http:\/\/herbismagicum.com\/?post_type=product&#038;p=1492"},"modified":"2024-06-11T01:18:01","modified_gmt":"2024-06-11T01:18:01","slug":"pathways-to-healing-energy-techniques-for-self-and-others","status":"publish","type":"product","link":"https:\/\/herbismagicum.com\/es\/shop\/pathways-to-healing-energy-techniques-for-self-and-others\/","title":{"rendered":"MESMERISMO I"},"content":{"rendered":"<p>Para quienes quieren alcanzar su pr\u00f3ximo potencial humano<\/p>\n<p>En Mesmerismo I nos adentraremos en el arte de la sanaci\u00f3n energ\u00e9tica y la hipnosis, siguiendo los descubrimientos del m\u00e9dico y fil\u00f3sofo alem\u00e1n Franz Anton Mesmer. Aprender\u00e1s a utilizar el poder de tu energ\u00eda y tu mirada para sanar una amplia variedad de afecciones f\u00edsicas y mentales. Adquirir\u00e1s una capacidad \u00fanica, de la que solo gozan unos pocos, que te permitir\u00e1 sanar en cuerpo y alma a quien m\u00e1s lo necesite.<\/p>","protected":false},"excerpt":{"rendered":"<p>Para quienes quieren alcanzar su pr\u00f3ximo potencial humano<\/p>\n<p>En Mesmerismo I nos adentraremos en el arte de la sanaci\u00f3n energ\u00e9tica y la hipnosis, siguiendo los descubrimientos del m\u00e9dico y fil\u00f3sofo alem\u00e1n Franz Anton Mesmer. Aprender\u00e1s a utilizar el poder de tu energ\u00eda y tu mirada para sanar una amplia variedad de afecciones f\u00edsicas y mentales. Adquirir\u00e1s una capacidad \u00fanica, de la que solo gozan unos pocos, que te permitir\u00e1 sanar en cuerpo y alma a quien m\u00e1s lo necesite.<\/p>","protected":false},"featured_media":3818,"template":"","meta":{"site-sidebar-layout":"default","site-content-layout":"","ast-site-content-layout":"default","site-content-style":"default","site-sidebar-style":"default","ast-global-header-display":"","ast-banner-title-visibility":"","ast-main-header-display":"","ast-hfb-above-header-display":"","ast-hfb-below-header-display":"","ast-hfb-mobile-header-display":"","site-post-title":"","ast-breadcrumbs-content":"","ast-featured-img":"","footer-sml-layout":"","theme-transparent-header-meta":"default","adv-header-id-meta":"","stick-header-meta":"","header-above-stick-meta":"","header-main-stick-meta":"","header-below-stick-meta":"","astra-migrate-meta-layouts":"set","ast-page-background-enabled":"default","ast-page-background-meta":{"desktop":{"background-color":"","background-image":"","background-repeat":"repeat","background-position":"center center","background-size":"auto","background-attachment":"scroll","background-type":"","background-media":"","overlay-type":"","overlay-color":"","overlay-opacity":"","overlay-gradient":""},"tablet":{"background-color":"","background-image":"","background-repeat":"repeat","background-position":"center center","background-size":"auto","background-attachment":"scroll","background-type":"","background-media":"","overlay-type":"","overlay-color":"","overlay-opacity":"","overlay-gradient":""},"mobile":{"background-color":"","background-image":"","background-repeat":"repeat","background-position":"center center","background-size":"auto","background-attachment":"scroll","background-type":"","background-media":"","overlay-type":"","overlay-color":"","overlay-opacity":"","overlay-gradient":""}},"ast-content-background-meta":{"desktop":{"background-color":"var(--ast-global-color-5)","background-image":"","background-repeat":"repeat","background-position":"center center","background-size":"auto","background-attachment":"scroll","background-type":"","background-media":"","overlay-type":"","overlay-color":"","overlay-opacity":"","overlay-gradient":""},"tablet":{"background-color":"var(--ast-global-color-5)","background-image":"","background-repeat":"repeat","background-position":"center center","background-size":"auto","background-attachment":"scroll","background-type":"","background-media":"","overlay-type":"","overlay-color":"","overlay-opacity":"","overlay-gradient":""},"mobile":{"background-color":"var(--ast-global-color-5)","background-image":"","background-repeat":"repeat","background-position":"center center","background-size":"auto","background-attachment":"scroll","background-type":"","background-media":"","overlay-type":"","overlay-color":"","overlay-opacity":"","overlay-gradient":""}}},"product_brand":[],"product_cat":[30],"product_tag":[],"class_list":{"0":"post-1492","1":"product","2":"type-product","3":"status-publish","4":"has-post-thumbnail","6":"product_cat-energy-healing","7":"desktop-align-left","8":"tablet-align-left","9":"mobile-align-left","11":"first","12":"outofstock","13":"downloadable","14":"shipping-taxable","15":"purchasable","16":"product-type-simple"},"_links":{"self":[{"href":"https:\/\/herbismagicum.com\/es\/wp-json\/wp\/v2\/product\/1492","targetHints":{"allow":["GET"]}}],"collection":[{"href":"https:\/\/herbismagicum.com\/es\/wp-json\/wp\/v2\/product"}],"about":[{"href":"https:\/\/herbismagicum.com\/es\/wp-json\/wp\/v2\/types\/product"}],"wp:featuredmedia":[{"embeddable":true,"href":"https:\/\/herbismagicum.com\/es\/wp-json\/wp\/v2\/media\/3818"}],"wp:attachment":[{"href":"https:\/\/herbismagicum.com\/es\/wp-json\/wp\/v2\/media?parent=1492"}],"wp:term":[{"taxonomy":"product_brand","embeddable":true,"href":"https:\/\/herbismagicum.com\/es\/wp-json\/wp\/v2\/product_brand?post=1492"},{"taxonomy":"product_cat","embeddable":true,"href":"https:\/\/herbismagicum.com\/es\/wp-json\/wp\/v2\/product_cat?post=1492"},{"taxonomy":"product_tag","embeddable":true,"href":"https:\/\/herbismagicum.com\/es\/wp-json\/wp\/v2\/product_tag?post=1492"}],"curies":[{"name":"wp","href":"https:\/\/api.w.org\/{rel}","templated":true}]}}