{"id":3826,"date":"2023-09-26T09:53:14","date_gmt":"2023-09-26T09:53:14","guid":{"rendered":"http:\/\/herbismagicum.com\/?post_type=product&#038;p=3826"},"modified":"2024-06-10T22:57:24","modified_gmt":"2024-06-10T22:57:24","slug":"herbis-magicum","status":"publish","type":"product","link":"https:\/\/herbismagicum.com\/es\/shop\/herbis-magicum\/","title":{"rendered":"Hierbis Magicum: Un Vadem\u00e9cum de Hierbas, Preparaciones y Elixires Olvidados (Versi\u00f3n Espaniol)"},"content":{"rendered":"<p>Un libro de texto de curas olvidadas. Explicando 33 hierbas y sus usos, beneficios y las hizo varias enfermedades que curan. Aprenda un prepararlos en poderosas estudios infusiones, b\u00e1lsamos, remedios y elixires, as\u00ed como a potenciar sus efectos utilizando energ\u00edas astrol\u00f3gicas, junto con un directorio \u00fatil para buscar enfermedades y sus hierbas.<\/p>\n<p>*Versi\u00f3n Espaniol<\/p>","protected":false},"excerpt":{"rendered":"<p>Hierbis Magicum: Un Vadem\u00e9cum de Hierbas, Preparaciones y Elixires Olvidados<\/p>\n<p>Un libro de texto de curas olvidadas. Explicando 33 hierbas y sus usos, beneficios y las hizo varias enfermedades que curan. Aprenda un prepararlos en poderosas estudios infusiones, b\u00e1lsamos, remedios y elixires, as\u00ed como a potenciar sus efectos utilizando energ\u00edas astrol\u00f3gicas, junto con un directorio \u00fatil para buscar enfermedades y sus hierbas.<\/p>\n<p>*Versi\u00f3n Espaniol<\/p>","protected":false},"featured_media":5012,"template":"","meta":{"site-sidebar-layout":"default","site-content-layout":"","ast-site-content-layout":"default","site-content-style":"default","site-sidebar-style":"default","ast-global-header-display":"","ast-banner-title-visibility":"","ast-main-header-display":"","ast-hfb-above-header-display":"","ast-hfb-below-header-display":"","ast-hfb-mobile-header-display":"","site-post-title":"","ast-breadcrumbs-content":"","ast-featured-img":"","footer-sml-layout":"","theme-transparent-header-meta":"default","adv-header-id-meta":"","stick-header-meta":"","header-above-stick-meta":"","header-main-stick-meta":"","header-below-stick-meta":"","astra-migrate-meta-layouts":"set","ast-page-background-enabled":"default","ast-page-background-meta":{"desktop":{"background-color":"","background-image":"","background-repeat":"repeat","background-position":"center center","background-size":"auto","background-attachment":"scroll","background-type":"","background-media":"","overlay-type":"","overlay-color":"","overlay-opacity":"","overlay-gradient":""},"tablet":{"background-color":"","background-image":"","background-repeat":"repeat","background-position":"center center","background-size":"auto","background-attachment":"scroll","background-type":"","background-media":"","overlay-type":"","overlay-color":"","overlay-opacity":"","overlay-gradient":""},"mobile":{"background-color":"","background-image":"","background-repeat":"repeat","background-position":"center center","background-size":"auto","background-attachment":"scroll","background-type":"","background-media":"","overlay-type":"","overlay-color":"","overlay-opacity":"","overlay-gradient":""}},"ast-content-background-meta":{"desktop":{"background-color":"var(--ast-global-color-5)","background-image":"","background-repeat":"repeat","background-position":"center center","background-size":"auto","background-attachment":"scroll","background-type":"","background-media":"","overlay-type":"","overlay-color":"","overlay-opacity":"","overlay-gradient":""},"tablet":{"background-color":"var(--ast-global-color-5)","background-image":"","background-repeat":"repeat","background-position":"center center","background-size":"auto","background-attachment":"scroll","background-type":"","background-media":"","overlay-type":"","overlay-color":"","overlay-opacity":"","overlay-gradient":""},"mobile":{"background-color":"var(--ast-global-color-5)","background-image":"","background-repeat":"repeat","background-position":"center center","background-size":"auto","background-attachment":"scroll","background-type":"","background-media":"","overlay-type":"","overlay-color":"","overlay-opacity":"","overlay-gradient":""}}},"product_brand":[],"product_cat":[31],"product_tag":[],"class_list":{"0":"post-3826","1":"product","2":"type-product","3":"status-publish","4":"has-post-thumbnail","6":"product_cat-ebook","7":"desktop-align-left","8":"tablet-align-left","9":"mobile-align-left","11":"first","12":"instock","13":"downloadable","14":"shipping-taxable","15":"purchasable","16":"product-type-simple"},"_links":{"self":[{"href":"https:\/\/herbismagicum.com\/es\/wp-json\/wp\/v2\/product\/3826","targetHints":{"allow":["GET"]}}],"collection":[{"href":"https:\/\/herbismagicum.com\/es\/wp-json\/wp\/v2\/product"}],"about":[{"href":"https:\/\/herbismagicum.com\/es\/wp-json\/wp\/v2\/types\/product"}],"wp:featuredmedia":[{"embeddable":true,"href":"https:\/\/herbismagicum.com\/es\/wp-json\/wp\/v2\/media\/5012"}],"wp:attachment":[{"href":"https:\/\/herbismagicum.com\/es\/wp-json\/wp\/v2\/media?parent=3826"}],"wp:term":[{"taxonomy":"product_brand","embeddable":true,"href":"https:\/\/herbismagicum.com\/es\/wp-json\/wp\/v2\/product_brand?post=3826"},{"taxonomy":"product_cat","embeddable":true,"href":"https:\/\/herbismagicum.com\/es\/wp-json\/wp\/v2\/product_cat?post=3826"},{"taxonomy":"product_tag","embeddable":true,"href":"https:\/\/herbismagicum.com\/es\/wp-json\/wp\/v2\/product_tag?post=3826"}],"curies":[{"name":"wp","href":"https:\/\/api.w.org\/{rel}","templated":true}]}}