{"id":4955,"date":"2024-02-29T16:19:45","date_gmt":"2024-02-29T16:19:45","guid":{"rendered":"http:\/\/herbismagicum.com\/?post_type=product&#038;p=4955"},"modified":"2024-06-09T01:22:36","modified_gmt":"2024-06-09T01:22:36","slug":"english-version-a-storehouse-of-physical-and-philosophical-secrets","status":"publish","type":"product","link":"https:\/\/herbismagicum.com\/es\/shop\/english-version-a-storehouse-of-physical-and-philosophical-secrets\/","title":{"rendered":"A storehouse of physical and philosophical secrets (English Version)"},"content":{"rendered":"<p><strong>Descubrir los Perdidos Fundamentos de la Alqu\u00edmico Extracciones para las Plantas y los Minerales.<\/strong><\/p>\n<p>Escrito en 2 partes por Jospeh Duchesne en 1633, que era un estudiante de Paracelso. Dentro de estas cubiertas se encuentra el conocimiento perdido de la alqu\u00edmico extracciones.<\/p>\n<p><strong>La Primera Parte<\/strong><\/p>\n<p>La ense\u00f1anza de destilar toda forma de Oyles de Gummes, Especias, Semillas, Ra\u00edces, Corazones, y Minerales &amp;c. Con sus varios vertues, de diversos Autores aprobados.<\/p>\n<p><strong>La Segunda Parte<\/strong><\/p>\n<p>Contiene el orden y la preparaci\u00f3n de todos los Metales, los Minerales, Allumes, Sales, tales como: de los medicamentos, tanto interior como exteriormente, y para los buceadores otros usos.<\/p>\n<p><em>La versi\u00f3n en ingl\u00e9s de este libro fue publicada en 1633 por lo que la mayor\u00eda de las copias actuales est\u00e1n muy da\u00f1ados o facs\u00edmiles y apenas legible.<\/em><\/p>\n<p><em>Tal conocimiento no debe ser perdido y as\u00ed es con gran orgullo que su libro ha sido cuidadosamente remasterizada digitalmente. Este no es un fax, pero en realidad se trata de una completamente nueva y remasterizada libro. Grandes dolores fueron tomadas en no cambiar una sola palabra. Todo est\u00e1 en los autores propias palabras, hemos a\u00f1adido o restado nada. En algunos casos, varios de los mismos libros se hace referencia a asegurarse de que todo est\u00e1 correcto. A pesar de que es posible un signo o s\u00edmbolo puede ser incorrecta, hemos hecho todo lo que est\u00e1 en nuestro poder para traer este tratado sobre perdi\u00f3 secretos exactamente como el autor originalmente deseaba a ser le\u00eddo, incluso a la originalmente ortograf\u00eda de palabras que por los est\u00e1ndares de hoy est\u00e1n equivocados. Espero que disfruten de este renacer de volumen.<\/em><\/p>\n<p>*Versi\u00f3n En Ingl\u00e9s<\/p>","protected":false},"excerpt":{"rendered":"<p><strong>Descubra La Perdida De Los Secretos De La Alquimia<\/strong><\/p>\n<p><strong>Primera parte<\/strong><br \/>\nEnse\u00f1ando a destilar toda clase Aceite de Gomas, Especias, Semillas, Ra\u00edces, Hierbas, y Minerales &amp;c. Con sus diversas virtudes,de varios Autores aprobados.<\/p>\n<p><strong>Segunda parte<\/strong><br \/>\nContiene la ordenaci\u00f3n y preparaci\u00f3n detodos los Metales, Minerales, Alumbres, Sales, y similares:para medicinas internas y externas,y para otros usos diversos.<\/p>\n<p>*Versi\u00f3n En Ingl\u00e9s<\/p>","protected":false},"featured_media":5006,"template":"","meta":{"site-sidebar-layout":"default","site-content-layout":"","ast-site-content-layout":"default","site-content-style":"default","site-sidebar-style":"default","ast-global-header-display":"","ast-banner-title-visibility":"","ast-main-header-display":"","ast-hfb-above-header-display":"","ast-hfb-below-header-display":"","ast-hfb-mobile-header-display":"","site-post-title":"","ast-breadcrumbs-content":"","ast-featured-img":"","footer-sml-layout":"","theme-transparent-header-meta":"default","adv-header-id-meta":"","stick-header-meta":"","header-above-stick-meta":"","header-main-stick-meta":"","header-below-stick-meta":"","astra-migrate-meta-layouts":"set","ast-page-background-enabled":"default","ast-page-background-meta":{"desktop":{"background-color":"","background-image":"","background-repeat":"repeat","background-position":"center center","background-size":"auto","background-attachment":"scroll","background-type":"","background-media":"","overlay-type":"","overlay-color":"","overlay-opacity":"","overlay-gradient":""},"tablet":{"background-color":"","background-image":"","background-repeat":"repeat","background-position":"center center","background-size":"auto","background-attachment":"scroll","background-type":"","background-media":"","overlay-type":"","overlay-color":"","overlay-opacity":"","overlay-gradient":""},"mobile":{"background-color":"","background-image":"","background-repeat":"repeat","background-position":"center center","background-size":"auto","background-attachment":"scroll","background-type":"","background-media":"","overlay-type":"","overlay-color":"","overlay-opacity":"","overlay-gradient":""}},"ast-content-background-meta":{"desktop":{"background-color":"var(--ast-global-color-5)","background-image":"","background-repeat":"repeat","background-position":"center center","background-size":"auto","background-attachment":"scroll","background-type":"","background-media":"","overlay-type":"","overlay-color":"","overlay-opacity":"","overlay-gradient":""},"tablet":{"background-color":"var(--ast-global-color-5)","background-image":"","background-repeat":"repeat","background-position":"center center","background-size":"auto","background-attachment":"scroll","background-type":"","background-media":"","overlay-type":"","overlay-color":"","overlay-opacity":"","overlay-gradient":""},"mobile":{"background-color":"var(--ast-global-color-5)","background-image":"","background-repeat":"repeat","background-position":"center center","background-size":"auto","background-attachment":"scroll","background-type":"","background-media":"","overlay-type":"","overlay-color":"","overlay-opacity":"","overlay-gradient":""}}},"product_brand":[],"product_cat":[31],"product_tag":[],"class_list":{"0":"post-4955","1":"product","2":"type-product","3":"status-publish","4":"has-post-thumbnail","6":"product_cat-ebook","7":"desktop-align-left","8":"tablet-align-left","9":"mobile-align-left","11":"first","12":"instock","13":"downloadable","14":"shipping-taxable","15":"purchasable","16":"product-type-simple"},"_links":{"self":[{"href":"https:\/\/herbismagicum.com\/es\/wp-json\/wp\/v2\/product\/4955","targetHints":{"allow":["GET"]}}],"collection":[{"href":"https:\/\/herbismagicum.com\/es\/wp-json\/wp\/v2\/product"}],"about":[{"href":"https:\/\/herbismagicum.com\/es\/wp-json\/wp\/v2\/types\/product"}],"wp:featuredmedia":[{"embeddable":true,"href":"https:\/\/herbismagicum.com\/es\/wp-json\/wp\/v2\/media\/5006"}],"wp:attachment":[{"href":"https:\/\/herbismagicum.com\/es\/wp-json\/wp\/v2\/media?parent=4955"}],"wp:term":[{"taxonomy":"product_brand","embeddable":true,"href":"https:\/\/herbismagicum.com\/es\/wp-json\/wp\/v2\/product_brand?post=4955"},{"taxonomy":"product_cat","embeddable":true,"href":"https:\/\/herbismagicum.com\/es\/wp-json\/wp\/v2\/product_cat?post=4955"},{"taxonomy":"product_tag","embeddable":true,"href":"https:\/\/herbismagicum.com\/es\/wp-json\/wp\/v2\/product_tag?post=4955"}],"curies":[{"name":"wp","href":"https:\/\/api.w.org\/{rel}","templated":true}]}}