{"id":4957,"date":"2024-02-29T16:26:45","date_gmt":"2024-02-29T16:26:45","guid":{"rendered":"http:\/\/herbismagicum.com\/?post_type=product&#038;p=4957"},"modified":"2024-06-11T04:02:09","modified_gmt":"2024-06-11T04:02:09","slug":"english-version-mesmerism-practicum","status":"publish","type":"product","link":"https:\/\/herbismagicum.com\/es\/shop\/english-version-mesmerism-practicum\/","title":{"rendered":"Hipnotismo De Practicum (Versi\u00f3n En Ingl\u00e9s)"},"content":{"rendered":"<p>Un Vademacum de la divina t\u00e9cnicas de Hipnotismo, la Fascinaci\u00f3n y la No-Verbal de la Hipnosis<br \/>\nthat may be used to aide and help our fellow man. The first part being comprised of the techniques and exercises needed to learn this art, the second parts dedicated to using it to help physically and<br \/>\nemotionally heal yourself and others and the third dedicated to the more curious forms of the art<br \/>\nincluding clairvoyance and long distance healing.<\/p>\n<p>&nbsp;<\/p>\n<p>*Versi\u00f3n en ingl\u00e9s<\/p>","protected":false},"excerpt":{"rendered":"<p>Un Vademacum de la divina t\u00e9cnicas de Hipnotismo, la Fascinaci\u00f3n y la No-Verbal de la Hipnosis<br \/>\nque puede ser utilizado para ayudar y ayudar a nuestro pr\u00f3jimo. La primera parte se compone de las t\u00e9cnicas y ejercicios necesarios para aprender este arte, la segunda parte dedicada a usarlo para ayudar f\u00edsicamente y emocionalmente c\u00farate a ti mismo y a los dem\u00e1s y la tercera dedicada a las m\u00e1s curiosas formas de arte, incluyendo la clarividencia y el largo de la curaci\u00f3n a distancia.<\/p>\n<p>*Versi\u00f3n en ingl\u00e9s<\/p>","protected":false},"featured_media":5017,"template":"","meta":{"site-sidebar-layout":"default","site-content-layout":"","ast-site-content-layout":"default","site-content-style":"default","site-sidebar-style":"default","ast-global-header-display":"","ast-banner-title-visibility":"","ast-main-header-display":"","ast-hfb-above-header-display":"","ast-hfb-below-header-display":"","ast-hfb-mobile-header-display":"","site-post-title":"","ast-breadcrumbs-content":"","ast-featured-img":"","footer-sml-layout":"","theme-transparent-header-meta":"default","adv-header-id-meta":"","stick-header-meta":"","header-above-stick-meta":"","header-main-stick-meta":"","header-below-stick-meta":"","astra-migrate-meta-layouts":"set","ast-page-background-enabled":"default","ast-page-background-meta":{"desktop":{"background-color":"","background-image":"","background-repeat":"repeat","background-position":"center center","background-size":"auto","background-attachment":"scroll","background-type":"","background-media":"","overlay-type":"","overlay-color":"","overlay-opacity":"","overlay-gradient":""},"tablet":{"background-color":"","background-image":"","background-repeat":"repeat","background-position":"center center","background-size":"auto","background-attachment":"scroll","background-type":"","background-media":"","overlay-type":"","overlay-color":"","overlay-opacity":"","overlay-gradient":""},"mobile":{"background-color":"","background-image":"","background-repeat":"repeat","background-position":"center center","background-size":"auto","background-attachment":"scroll","background-type":"","background-media":"","overlay-type":"","overlay-color":"","overlay-opacity":"","overlay-gradient":""}},"ast-content-background-meta":{"desktop":{"background-color":"var(--ast-global-color-5)","background-image":"","background-repeat":"repeat","background-position":"center center","background-size":"auto","background-attachment":"scroll","background-type":"","background-media":"","overlay-type":"","overlay-color":"","overlay-opacity":"","overlay-gradient":""},"tablet":{"background-color":"var(--ast-global-color-5)","background-image":"","background-repeat":"repeat","background-position":"center center","background-size":"auto","background-attachment":"scroll","background-type":"","background-media":"","overlay-type":"","overlay-color":"","overlay-opacity":"","overlay-gradient":""},"mobile":{"background-color":"var(--ast-global-color-5)","background-image":"","background-repeat":"repeat","background-position":"center center","background-size":"auto","background-attachment":"scroll","background-type":"","background-media":"","overlay-type":"","overlay-color":"","overlay-opacity":"","overlay-gradient":""}}},"product_brand":[],"product_cat":[31],"product_tag":[],"class_list":{"0":"post-4957","1":"product","2":"type-product","3":"status-publish","4":"has-post-thumbnail","6":"product_cat-ebook","7":"desktop-align-left","8":"tablet-align-left","9":"mobile-align-left","11":"first","12":"instock","13":"downloadable","14":"shipping-taxable","15":"purchasable","16":"product-type-simple"},"_links":{"self":[{"href":"https:\/\/herbismagicum.com\/es\/wp-json\/wp\/v2\/product\/4957","targetHints":{"allow":["GET"]}}],"collection":[{"href":"https:\/\/herbismagicum.com\/es\/wp-json\/wp\/v2\/product"}],"about":[{"href":"https:\/\/herbismagicum.com\/es\/wp-json\/wp\/v2\/types\/product"}],"wp:featuredmedia":[{"embeddable":true,"href":"https:\/\/herbismagicum.com\/es\/wp-json\/wp\/v2\/media\/5017"}],"wp:attachment":[{"href":"https:\/\/herbismagicum.com\/es\/wp-json\/wp\/v2\/media?parent=4957"}],"wp:term":[{"taxonomy":"product_brand","embeddable":true,"href":"https:\/\/herbismagicum.com\/es\/wp-json\/wp\/v2\/product_brand?post=4957"},{"taxonomy":"product_cat","embeddable":true,"href":"https:\/\/herbismagicum.com\/es\/wp-json\/wp\/v2\/product_cat?post=4957"},{"taxonomy":"product_tag","embeddable":true,"href":"https:\/\/herbismagicum.com\/es\/wp-json\/wp\/v2\/product_tag?post=4957"}],"curies":[{"name":"wp","href":"https:\/\/api.w.org\/{rel}","templated":true}]}}