{"id":4975,"date":"2024-03-04T23:26:00","date_gmt":"2024-03-04T23:26:00","guid":{"rendered":"http:\/\/herbismagicum.com\/?post_type=product&#038;p=4975"},"modified":"2024-06-12T22:36:03","modified_gmt":"2024-06-12T22:36:03","slug":"herbis-magicum-2","status":"publish","type":"product","link":"https:\/\/herbismagicum.com\/es\/shop\/herbis-magicum-2\/","title":{"rendered":"Herbis Magicum Herbis Magicum: Vademecum de Olvidar las Hierbas, los Preparativos y los Elixires (Versi\u00f3n en ingl\u00e9s)"},"content":{"rendered":"<p>Un libro de texto de los olvidados curas. Explicando 33 hierbas y sus usos, beneficios y las diversas enfermedades que curan. Aprender a prepararlos en infusiones poderosas, b\u00e1lsamos, remedios y elixires, as\u00ed como la forma de aumentar sus efectos el uso de las energ\u00edas astrol\u00f3gicas, junto con un \u00fatil directorio para buscar enfermedades y sus hierbas.<\/p>\n<p>&nbsp;<\/p>\n<p>*Versi\u00f3n En Ingl\u00e9s<\/p>","protected":false},"excerpt":{"rendered":"<p>Un libro de texto de los olvidados curas. Explicando 33 hierbas y sus usos, beneficios y las diversas enfermedades que curan. Aprender a prepararlos en infusiones poderosas, b\u00e1lsamos, remedios y elixires, as\u00ed como la forma de aumentar sus efectos el uso de las energ\u00edas astrol\u00f3gicas, junto con un \u00fatil directorio para buscar enfermedades y sus hierbas.<\/p>\n<p>&nbsp;<\/p>\n<p>*Versi\u00f3n En Ingl\u00e9s<\/p>","protected":false},"featured_media":5010,"template":"","meta":{"site-sidebar-layout":"default","site-content-layout":"","ast-site-content-layout":"default","site-content-style":"default","site-sidebar-style":"default","ast-global-header-display":"","ast-banner-title-visibility":"","ast-main-header-display":"","ast-hfb-above-header-display":"","ast-hfb-below-header-display":"","ast-hfb-mobile-header-display":"","site-post-title":"","ast-breadcrumbs-content":"","ast-featured-img":"","footer-sml-layout":"","theme-transparent-header-meta":"default","adv-header-id-meta":"","stick-header-meta":"","header-above-stick-meta":"","header-main-stick-meta":"","header-below-stick-meta":"","astra-migrate-meta-layouts":"set","ast-page-background-enabled":"default","ast-page-background-meta":{"desktop":{"background-color":"","background-image":"","background-repeat":"repeat","background-position":"center center","background-size":"auto","background-attachment":"scroll","background-type":"","background-media":"","overlay-type":"","overlay-color":"","overlay-opacity":"","overlay-gradient":""},"tablet":{"background-color":"","background-image":"","background-repeat":"repeat","background-position":"center center","background-size":"auto","background-attachment":"scroll","background-type":"","background-media":"","overlay-type":"","overlay-color":"","overlay-opacity":"","overlay-gradient":""},"mobile":{"background-color":"","background-image":"","background-repeat":"repeat","background-position":"center center","background-size":"auto","background-attachment":"scroll","background-type":"","background-media":"","overlay-type":"","overlay-color":"","overlay-opacity":"","overlay-gradient":""}},"ast-content-background-meta":{"desktop":{"background-color":"var(--ast-global-color-5)","background-image":"","background-repeat":"repeat","background-position":"center center","background-size":"auto","background-attachment":"scroll","background-type":"","background-media":"","overlay-type":"","overlay-color":"","overlay-opacity":"","overlay-gradient":""},"tablet":{"background-color":"var(--ast-global-color-5)","background-image":"","background-repeat":"repeat","background-position":"center center","background-size":"auto","background-attachment":"scroll","background-type":"","background-media":"","overlay-type":"","overlay-color":"","overlay-opacity":"","overlay-gradient":""},"mobile":{"background-color":"var(--ast-global-color-5)","background-image":"","background-repeat":"repeat","background-position":"center center","background-size":"auto","background-attachment":"scroll","background-type":"","background-media":"","overlay-type":"","overlay-color":"","overlay-opacity":"","overlay-gradient":""}}},"product_brand":[],"product_cat":[31],"product_tag":[],"class_list":{"0":"post-4975","1":"product","2":"type-product","3":"status-publish","4":"has-post-thumbnail","6":"product_cat-ebook","7":"desktop-align-left","8":"tablet-align-left","9":"mobile-align-left","11":"first","12":"instock","13":"downloadable","14":"shipping-taxable","15":"purchasable","16":"product-type-simple"},"_links":{"self":[{"href":"https:\/\/herbismagicum.com\/es\/wp-json\/wp\/v2\/product\/4975","targetHints":{"allow":["GET"]}}],"collection":[{"href":"https:\/\/herbismagicum.com\/es\/wp-json\/wp\/v2\/product"}],"about":[{"href":"https:\/\/herbismagicum.com\/es\/wp-json\/wp\/v2\/types\/product"}],"wp:featuredmedia":[{"embeddable":true,"href":"https:\/\/herbismagicum.com\/es\/wp-json\/wp\/v2\/media\/5010"}],"wp:attachment":[{"href":"https:\/\/herbismagicum.com\/es\/wp-json\/wp\/v2\/media?parent=4975"}],"wp:term":[{"taxonomy":"product_brand","embeddable":true,"href":"https:\/\/herbismagicum.com\/es\/wp-json\/wp\/v2\/product_brand?post=4975"},{"taxonomy":"product_cat","embeddable":true,"href":"https:\/\/herbismagicum.com\/es\/wp-json\/wp\/v2\/product_cat?post=4975"},{"taxonomy":"product_tag","embeddable":true,"href":"https:\/\/herbismagicum.com\/es\/wp-json\/wp\/v2\/product_tag?post=4975"}],"curies":[{"name":"wp","href":"https:\/\/api.w.org\/{rel}","templated":true}]}}