{"id":5084,"date":"2024-06-22T03:45:38","date_gmt":"2024-06-22T03:45:38","guid":{"rendered":"http:\/\/herbismagicum.com\/?post_type=product&#038;p=5084"},"modified":"2024-06-22T04:32:27","modified_gmt":"2024-06-22T04:32:27","slug":"herbis-magicum-elixir-de-mama-balsamo","status":"publish","type":"product","link":"https:\/\/herbismagicum.com\/es\/shop\/herbis-magicum-elixir-de-mama-balsamo\/","title":{"rendered":"Herbis Magicum Elixir De Mam\u00e1 Balsamo"},"content":{"rendered":"<p>El b\u00e1lsamo para senos Elixer elaborado con fenogreco puede aumentar el tama\u00f1o de los senos en una o dos tallas si se usa de manera constante durante 4 meses o m\u00e1s. Puede ayudar a una madre lactante de un producir m\u00e1s leche, puede aumentar el estr\u00f3geno, regular las hormonas femeninas y aumentar la libido.<\/p>\n<p id=\"tw-target-text\" class=\"tw-data-text tw-text-large tw-ta\" dir=\"ltr\" data-placeholder=\"Translation\" aria-label=\"Texto traducido\" data-ved=\"2ahUKEwiv3OT3re6GAxUb6ckDHR_8DswQ3ewLegQIBhAU\"><span class=\"Y2IQFc\" lang=\"es\"><strong>Para utilizar:<\/strong> Simplemente masajee una peque\u00f1a cantidad directamente en los senos 1 vez al d\u00eda.<\/span><\/p>\n<p><strong>Precaucion:<\/strong> Hable primero con su m\u00e9dico si est\u00e1 embarazada o tiene diabetes. Solo disponible aqu\u00ed y en las tiendas minoristas de Herbis Magicum. Consigue el tuyo&#8230; \u00a1hoy!<\/p>","protected":false},"excerpt":{"rendered":"<p>El b\u00e1lsamo para senos Elixer elaborado con fenogreco puede aumentar el tama\u00f1o de los senos en una o dos tallas si se usa de manera constante durante 4 meses o m\u00e1s. Puede ayudar a una madre lactante de un producir m\u00e1s leche, puede aumentar el estr\u00f3geno, regular las hormonas femeninas y aumentar la libido.<\/p>","protected":false},"featured_media":5081,"template":"","meta":{"site-sidebar-layout":"default","site-content-layout":"","ast-site-content-layout":"default","site-content-style":"default","site-sidebar-style":"default","ast-global-header-display":"","ast-banner-title-visibility":"","ast-main-header-display":"","ast-hfb-above-header-display":"","ast-hfb-below-header-display":"","ast-hfb-mobile-header-display":"","site-post-title":"","ast-breadcrumbs-content":"","ast-featured-img":"","footer-sml-layout":"","theme-transparent-header-meta":"default","adv-header-id-meta":"","stick-header-meta":"","header-above-stick-meta":"","header-main-stick-meta":"","header-below-stick-meta":"","astra-migrate-meta-layouts":"set","ast-page-background-enabled":"default","ast-page-background-meta":{"desktop":{"background-color":"","background-image":"","background-repeat":"repeat","background-position":"center center","background-size":"auto","background-attachment":"scroll","background-type":"","background-media":"","overlay-type":"","overlay-color":"","overlay-opacity":"","overlay-gradient":""},"tablet":{"background-color":"","background-image":"","background-repeat":"repeat","background-position":"center center","background-size":"auto","background-attachment":"scroll","background-type":"","background-media":"","overlay-type":"","overlay-color":"","overlay-opacity":"","overlay-gradient":""},"mobile":{"background-color":"","background-image":"","background-repeat":"repeat","background-position":"center center","background-size":"auto","background-attachment":"scroll","background-type":"","background-media":"","overlay-type":"","overlay-color":"","overlay-opacity":"","overlay-gradient":""}},"ast-content-background-meta":{"desktop":{"background-color":"var(--ast-global-color-5)","background-image":"","background-repeat":"repeat","background-position":"center center","background-size":"auto","background-attachment":"scroll","background-type":"","background-media":"","overlay-type":"","overlay-color":"","overlay-opacity":"","overlay-gradient":""},"tablet":{"background-color":"var(--ast-global-color-5)","background-image":"","background-repeat":"repeat","background-position":"center center","background-size":"auto","background-attachment":"scroll","background-type":"","background-media":"","overlay-type":"","overlay-color":"","overlay-opacity":"","overlay-gradient":""},"mobile":{"background-color":"var(--ast-global-color-5)","background-image":"","background-repeat":"repeat","background-position":"center center","background-size":"auto","background-attachment":"scroll","background-type":"","background-media":"","overlay-type":"","overlay-color":"","overlay-opacity":"","overlay-gradient":""}}},"product_brand":[],"product_cat":[41],"product_tag":[],"class_list":{"0":"post-5084","1":"product","2":"type-product","3":"status-publish","4":"has-post-thumbnail","6":"product_cat-apothecary","7":"desktop-align-left","8":"tablet-align-left","9":"mobile-align-left","11":"first","12":"instock","13":"shipping-taxable","14":"purchasable","15":"product-type-simple"},"_links":{"self":[{"href":"https:\/\/herbismagicum.com\/es\/wp-json\/wp\/v2\/product\/5084","targetHints":{"allow":["GET"]}}],"collection":[{"href":"https:\/\/herbismagicum.com\/es\/wp-json\/wp\/v2\/product"}],"about":[{"href":"https:\/\/herbismagicum.com\/es\/wp-json\/wp\/v2\/types\/product"}],"wp:featuredmedia":[{"embeddable":true,"href":"https:\/\/herbismagicum.com\/es\/wp-json\/wp\/v2\/media\/5081"}],"wp:attachment":[{"href":"https:\/\/herbismagicum.com\/es\/wp-json\/wp\/v2\/media?parent=5084"}],"wp:term":[{"taxonomy":"product_brand","embeddable":true,"href":"https:\/\/herbismagicum.com\/es\/wp-json\/wp\/v2\/product_brand?post=5084"},{"taxonomy":"product_cat","embeddable":true,"href":"https:\/\/herbismagicum.com\/es\/wp-json\/wp\/v2\/product_cat?post=5084"},{"taxonomy":"product_tag","embeddable":true,"href":"https:\/\/herbismagicum.com\/es\/wp-json\/wp\/v2\/product_tag?post=5084"}],"curies":[{"name":"wp","href":"https:\/\/api.w.org\/{rel}","templated":true}]}}