{"id":5086,"date":"2024-06-22T04:38:14","date_gmt":"2024-06-22T04:38:14","guid":{"rendered":"http:\/\/herbismagicum.com\/?post_type=product&#038;p=5086"},"modified":"2024-09-18T16:28:15","modified_gmt":"2024-09-18T16:28:15","slug":"alquimico-basico-de-perijil","status":"publish","type":"product","link":"https:\/\/herbismagicum.com\/es\/shop\/alquimico-basico-de-perijil\/","title":{"rendered":"Alqu\u00edmico B\u00e1sico De Perijil"},"content":{"rendered":"<p>La onu B\u00e1sico Alqu\u00edmico del perejil. Esta tintura puede ayudar con infecciones urinarias, c\u00e1lculos renales, gases, c\u00f3licos, estre\u00f1imiento, ayuda con per\u00edodos dolorosos, adem\u00e1s de funcionar como antibi\u00f3tico, antif\u00fangico, expectorante y trata la fatiga.<\/p>\n<p>30ml<\/p>\n<p><em><strong>Precauc\u00edon:<\/strong> Porque provoca contracciones uterinas. No lo use si est\u00e1 embarazada. <\/em><em><span class=\"Y2IQFc\" lang=\"es\">Por favor, consulte siempre a su m\u00e9dico antes de tomar cualquiera de nuestras tinturas.<\/span><\/em><\/p>\n<p>&nbsp;<\/p>\n<p class=\"tw-data-text tw-text-large tw-ta\" dir=\"ltr\" data-placeholder=\"Translation\" aria-label=\"Texto traducido\" data-ved=\"2ahUKEwj-javq1PWGAxUwKkQIHUdtD9oQ3ewLegQIBhAU\"><span class=\"Y2IQFc\" lang=\"es\">\u00a0 \u00a0 La onu B\u00e1sico Alqu\u00edmico es la tintura b\u00e1sica de la alquimia. Estas tinturas hijo 100% reales y se elaboran a lo a la antigua usanza utilizando el arte perdido de la astrolog\u00eda y la destilaci\u00f3n, utilizando toda la planta y los 3 principios alqu\u00edmicos, el esp\u00edritu, el alma y el cuerpo de la planta, d\u00e1ndole la onu sabor muy sabroso. M\u00e1s Tintura m\u00e1s potente y espiritualmente completa que cualquier cosa que puedas comprar en las tiendas y, sin embargo, segura y eficaz. \u00a0 \u00a0 \u00a0<\/span><\/p>\n<p class=\"tw-data-text tw-text-large tw-ta\" dir=\"ltr\" data-placeholder=\"Translation\" aria-label=\"Texto traducido\" data-ved=\"2ahUKEwj-javq1PWGAxUwKkQIHUdtD9oQ3ewLegQIBhAU\"><span class=\"Y2IQFc\" lang=\"es\">\u00a0 \u00a0 \u00a0Los antiguos alquimistas sab\u00edan que cada planta estaba regida por un determinado planeta y que ese planeta tambi\u00e9n reg\u00eda la onu \u00f3rgano particular del cuerpo. Los alquimistas tendr\u00edan 7 tinturas b\u00e1sicas, cada una gobernada por un planeta diferente y afectando un diferentes \u00f3rganos. De modo que tomando una tintura diferente cada d\u00eda es el d\u00eda que estaba regido por ese planeta pudieran mejorar y renovar cada \u00f3rgano de su cuerpo y elevar sus vibraciones espirituales. <\/span><\/p>\n<p class=\"tw-data-text tw-text-large tw-ta\" dir=\"ltr\" data-placeholder=\"Translation\" aria-label=\"Texto traducido\" data-ved=\"2ahUKEwj-javq1PWGAxUwKkQIHUdtD9oQ3ewLegQIBhAU\"><span class=\"Y2IQFc\" lang=\"es\">\u00a0 \u00a0 \u00a0La perijil est\u00e1 regida por el Saturno, que rige el <\/span><span class=\"Y2IQFc\" lang=\"es\">bazo<\/span><span class=\"Y2IQFc\" lang=\"es\">. Esta tintura se toma mejor el Sabado, d\u00eda regido por el Saturno, para la salud general, pero se puede tomar en cualquier momento cuando sea necesario.<\/span><\/p>","protected":false},"excerpt":{"rendered":"<p>La onu B\u00e1sico Alqu\u00edmico del perejil. Esta tintura puede ayudar con infecciones urinarias, c\u00e1lculos renales, gases, c\u00f3licos, estre\u00f1imiento, ayuda con per\u00edodos dolorosos, adem\u00e1s de funcionar como antibi\u00f3tico, antif\u00fangico, expectorante y trata la fatiga.<\/p>","protected":false},"featured_media":5089,"template":"","meta":{"site-sidebar-layout":"default","site-content-layout":"","ast-site-content-layout":"default","site-content-style":"default","site-sidebar-style":"default","ast-global-header-display":"","ast-banner-title-visibility":"","ast-main-header-display":"","ast-hfb-above-header-display":"","ast-hfb-below-header-display":"","ast-hfb-mobile-header-display":"","site-post-title":"","ast-breadcrumbs-content":"","ast-featured-img":"","footer-sml-layout":"","theme-transparent-header-meta":"default","adv-header-id-meta":"","stick-header-meta":"","header-above-stick-meta":"","header-main-stick-meta":"","header-below-stick-meta":"","astra-migrate-meta-layouts":"set","ast-page-background-enabled":"default","ast-page-background-meta":{"desktop":{"background-color":"","background-image":"","background-repeat":"repeat","background-position":"center center","background-size":"auto","background-attachment":"scroll","background-type":"","background-media":"","overlay-type":"","overlay-color":"","overlay-opacity":"","overlay-gradient":""},"tablet":{"background-color":"","background-image":"","background-repeat":"repeat","background-position":"center center","background-size":"auto","background-attachment":"scroll","background-type":"","background-media":"","overlay-type":"","overlay-color":"","overlay-opacity":"","overlay-gradient":""},"mobile":{"background-color":"","background-image":"","background-repeat":"repeat","background-position":"center center","background-size":"auto","background-attachment":"scroll","background-type":"","background-media":"","overlay-type":"","overlay-color":"","overlay-opacity":"","overlay-gradient":""}},"ast-content-background-meta":{"desktop":{"background-color":"var(--ast-global-color-5)","background-image":"","background-repeat":"repeat","background-position":"center center","background-size":"auto","background-attachment":"scroll","background-type":"","background-media":"","overlay-type":"","overlay-color":"","overlay-opacity":"","overlay-gradient":""},"tablet":{"background-color":"var(--ast-global-color-5)","background-image":"","background-repeat":"repeat","background-position":"center center","background-size":"auto","background-attachment":"scroll","background-type":"","background-media":"","overlay-type":"","overlay-color":"","overlay-opacity":"","overlay-gradient":""},"mobile":{"background-color":"var(--ast-global-color-5)","background-image":"","background-repeat":"repeat","background-position":"center center","background-size":"auto","background-attachment":"scroll","background-type":"","background-media":"","overlay-type":"","overlay-color":"","overlay-opacity":"","overlay-gradient":""}}},"product_brand":[],"product_cat":[41],"product_tag":[],"class_list":{"0":"post-5086","1":"product","2":"type-product","3":"status-publish","4":"has-post-thumbnail","6":"product_cat-apothecary","7":"desktop-align-left","8":"tablet-align-left","9":"mobile-align-left","11":"first","12":"outofstock","13":"shipping-taxable","14":"purchasable","15":"product-type-simple"},"_links":{"self":[{"href":"https:\/\/herbismagicum.com\/es\/wp-json\/wp\/v2\/product\/5086","targetHints":{"allow":["GET"]}}],"collection":[{"href":"https:\/\/herbismagicum.com\/es\/wp-json\/wp\/v2\/product"}],"about":[{"href":"https:\/\/herbismagicum.com\/es\/wp-json\/wp\/v2\/types\/product"}],"wp:featuredmedia":[{"embeddable":true,"href":"https:\/\/herbismagicum.com\/es\/wp-json\/wp\/v2\/media\/5089"}],"wp:attachment":[{"href":"https:\/\/herbismagicum.com\/es\/wp-json\/wp\/v2\/media?parent=5086"}],"wp:term":[{"taxonomy":"product_brand","embeddable":true,"href":"https:\/\/herbismagicum.com\/es\/wp-json\/wp\/v2\/product_brand?post=5086"},{"taxonomy":"product_cat","embeddable":true,"href":"https:\/\/herbismagicum.com\/es\/wp-json\/wp\/v2\/product_cat?post=5086"},{"taxonomy":"product_tag","embeddable":true,"href":"https:\/\/herbismagicum.com\/es\/wp-json\/wp\/v2\/product_tag?post=5086"}],"curies":[{"name":"wp","href":"https:\/\/api.w.org\/{rel}","templated":true}]}}