{"id":5087,"date":"2024-06-22T16:35:49","date_gmt":"2024-06-22T16:35:49","guid":{"rendered":"http:\/\/herbismagicum.com\/?post_type=product&#038;p=5087"},"modified":"2024-08-03T20:21:54","modified_gmt":"2024-08-03T20:21:54","slug":"frambuesa-jamaica-shrub","status":"publish","type":"product","link":"https:\/\/herbismagicum.com\/es\/shop\/frambuesa-jamaica-shrub\/","title":{"rendered":"Frambuesa Jamaica Arbusto"},"content":{"rendered":"<h5 style=\"text-align: center;\">Cuando El Calor Se Vuelve Insoportable Mezclar un Poco de Arbusto Con Agua...<\/h5>\n<p>&nbsp;<\/p>\n<p>Un Shrub es un vinagre para beber que se infunde con frutas, hierbas y miel. Las recetas de arbustos se remontan a miles de a\u00f1os y pueden usarse para todo tipo de dolencias. Este arbusto ha sido creado especialmente para ayudar con el sobrecalentamiento. Las frambuesas y la jamaica ayudan a eliminar el exceso de calor del cuerpo, lo que permite una r\u00e1pida recuperaci\u00f3n y refresco. El vinagre de manzana y la miel al mismo tiempo ayudan con el sistema inmunol\u00f3gico del cuerpo. Simplemente mezcle una peque\u00f1a cantidad con agua fr\u00eda y disfrute de un delicioso refresco instant\u00e1neo.<\/p>\n<p><strong><em>Esta botella de poci\u00f3n tiene capacidad para unas 10 porciones.<\/em><\/strong><\/p>","protected":false},"excerpt":{"rendered":"<h5 style=\"text-align: center;\">Cuando El Calor Se Vuelve Insoportable Mezclar un Poco de Arbusto Con Agua...<\/h5>\n<p><span style=\"font-size: 16px;\">Las frambuesas y la jamaica ayudan un eliminar el exceso de calor del cuerpo, lo que permite una r\u00e1pida recuperaci\u00f3n y refresco.<\/span><\/p>","protected":false},"featured_media":5088,"template":"","meta":{"site-sidebar-layout":"default","site-content-layout":"","ast-site-content-layout":"default","site-content-style":"default","site-sidebar-style":"default","ast-global-header-display":"","ast-banner-title-visibility":"","ast-main-header-display":"","ast-hfb-above-header-display":"","ast-hfb-below-header-display":"","ast-hfb-mobile-header-display":"","site-post-title":"","ast-breadcrumbs-content":"","ast-featured-img":"","footer-sml-layout":"","theme-transparent-header-meta":"default","adv-header-id-meta":"","stick-header-meta":"","header-above-stick-meta":"","header-main-stick-meta":"","header-below-stick-meta":"","astra-migrate-meta-layouts":"set","ast-page-background-enabled":"default","ast-page-background-meta":{"desktop":{"background-color":"","background-image":"","background-repeat":"repeat","background-position":"center center","background-size":"auto","background-attachment":"scroll","background-type":"","background-media":"","overlay-type":"","overlay-color":"","overlay-opacity":"","overlay-gradient":""},"tablet":{"background-color":"","background-image":"","background-repeat":"repeat","background-position":"center center","background-size":"auto","background-attachment":"scroll","background-type":"","background-media":"","overlay-type":"","overlay-color":"","overlay-opacity":"","overlay-gradient":""},"mobile":{"background-color":"","background-image":"","background-repeat":"repeat","background-position":"center center","background-size":"auto","background-attachment":"scroll","background-type":"","background-media":"","overlay-type":"","overlay-color":"","overlay-opacity":"","overlay-gradient":""}},"ast-content-background-meta":{"desktop":{"background-color":"var(--ast-global-color-5)","background-image":"","background-repeat":"repeat","background-position":"center center","background-size":"auto","background-attachment":"scroll","background-type":"","background-media":"","overlay-type":"","overlay-color":"","overlay-opacity":"","overlay-gradient":""},"tablet":{"background-color":"var(--ast-global-color-5)","background-image":"","background-repeat":"repeat","background-position":"center center","background-size":"auto","background-attachment":"scroll","background-type":"","background-media":"","overlay-type":"","overlay-color":"","overlay-opacity":"","overlay-gradient":""},"mobile":{"background-color":"var(--ast-global-color-5)","background-image":"","background-repeat":"repeat","background-position":"center center","background-size":"auto","background-attachment":"scroll","background-type":"","background-media":"","overlay-type":"","overlay-color":"","overlay-opacity":"","overlay-gradient":""}}},"product_brand":[],"product_cat":[41],"product_tag":[],"class_list":{"0":"post-5087","1":"product","2":"type-product","3":"status-publish","4":"has-post-thumbnail","6":"product_cat-apothecary","7":"desktop-align-left","8":"tablet-align-left","9":"mobile-align-left","11":"first","12":"instock","13":"shipping-taxable","14":"purchasable","15":"product-type-simple"},"_links":{"self":[{"href":"https:\/\/herbismagicum.com\/es\/wp-json\/wp\/v2\/product\/5087","targetHints":{"allow":["GET"]}}],"collection":[{"href":"https:\/\/herbismagicum.com\/es\/wp-json\/wp\/v2\/product"}],"about":[{"href":"https:\/\/herbismagicum.com\/es\/wp-json\/wp\/v2\/types\/product"}],"wp:featuredmedia":[{"embeddable":true,"href":"https:\/\/herbismagicum.com\/es\/wp-json\/wp\/v2\/media\/5088"}],"wp:attachment":[{"href":"https:\/\/herbismagicum.com\/es\/wp-json\/wp\/v2\/media?parent=5087"}],"wp:term":[{"taxonomy":"product_brand","embeddable":true,"href":"https:\/\/herbismagicum.com\/es\/wp-json\/wp\/v2\/product_brand?post=5087"},{"taxonomy":"product_cat","embeddable":true,"href":"https:\/\/herbismagicum.com\/es\/wp-json\/wp\/v2\/product_cat?post=5087"},{"taxonomy":"product_tag","embeddable":true,"href":"https:\/\/herbismagicum.com\/es\/wp-json\/wp\/v2\/product_tag?post=5087"}],"curies":[{"name":"wp","href":"https:\/\/api.w.org\/{rel}","templated":true}]}}