{"id":5104,"date":"2024-06-27T02:59:20","date_gmt":"2024-06-27T02:59:20","guid":{"rendered":"http:\/\/herbismagicum.com\/?post_type=product&#038;p=5104"},"modified":"2024-09-18T16:26:12","modified_gmt":"2024-09-18T16:26:12","slug":"basico-alquimico-de-ajo","status":"publish","type":"product","link":"https:\/\/herbismagicum.com\/es\/shop\/basico-alquimico-de-ajo\/","title":{"rendered":"Alqu\u00edmicos B\u00e1sicos de Ajo"},"content":{"rendered":"<p id=\"tw-target-text\" class=\"tw-data-text tw-text-large tw-ta\" dir=\"ltr\" data-placeholder=\"Translation\" aria-label=\"Texto traducido\" data-ved=\"2ahUKEwjBu5XmnIaHAxWEke4BHRD9BWUQ3ewLegQIBhAU\"><span class=\"Y2IQFc\" lang=\"en\">\u00a0 \u00a0Un Alqu\u00edmicos B\u00e1sicos de Ajo. Esta tintura ayuda con gases, distensi\u00f3n abdominal, estre\u00f1imiento, ayuda a eliminar los par\u00e1sitos y las hemorroides. Es poderosamente la antibi\u00f3tico y antiviral, ayuda con los resfriados y la gripe, la bronquitis, el asma, afloja la flema y reduce la fiebre. Tambi\u00e9n es antif\u00fangico y ayuda a eliminar las verrugas. Excelente para el coraz\u00f3n, reduce el colesterol y la presi\u00f3n arterial, adem\u00e1s de controlar el az\u00facar en la sangre en el cuerpo. <\/span><\/p>\n<p class=\"tw-data-text tw-text-large tw-ta\" dir=\"ltr\" data-placeholder=\"Translation\" aria-label=\"Texto traducido\" data-ved=\"2ahUKEwjBu5XmnIaHAxWEke4BHRD9BWUQ3ewLegQIBhAU\"><span class=\"Y2IQFc\" lang=\"en\">El Ajo (Allium Sativum)<\/span><\/p>\n<p class=\"tw-data-text tw-text-large tw-ta\" dir=\"ltr\" data-placeholder=\"Translation\" aria-label=\"Texto traducido\" data-ved=\"2ahUKEwjBu5XmnIaHAxWEke4BHRD9BWUQ3ewLegQIBhAU\"><span class=\"Y2IQFc\" lang=\"en\">Energ\u00e9tica: El Calentamiento <\/span><\/p>\n<p class=\"tw-data-text tw-text-large tw-ta\" dir=\"ltr\" data-placeholder=\"Translation\" aria-label=\"Texto traducido\" data-ved=\"2ahUKEwjBu5XmnIaHAxWEke4BHRD9BWUQ3ewLegQIBhAU\"><span class=\"Y2IQFc\" lang=\"en\">Planeta: Marte<\/span><\/p>\n<p class=\"tw-data-text tw-text-large tw-ta\" dir=\"ltr\" data-placeholder=\"Translation\" aria-label=\"Texto traducido\" data-ved=\"2ahUKEwjBu5XmnIaHAxWEke4BHRD9BWUQ3ewLegQIBhAU\"><span class=\"Y2IQFc\" lang=\"en\">30ml \u00a0 \u00a0 \u00a0<\/span><\/p>\n<p class=\"tw-data-text tw-text-large tw-ta\" dir=\"ltr\" data-placeholder=\"Translation\" aria-label=\"Texto traducido\" data-ved=\"2ahUKEwjBu5XmnIaHAxWEke4BHRD9BWUQ3ewLegQIBhAU\"><span class=\"Y2IQFc\" lang=\"en\">\u00a0 \u00a0 \u00a0UNA<\/span><span class=\"Y2IQFc\" lang=\"en\">n Alqu\u00edmico B\u00e1sica es la base de tintura de la alquimia. Estas tinturas son 100% reales y est\u00e1n hechas a la vieja usanza, utilizando el arte perdido de la astrolog\u00eda y de la destilaci\u00f3n, el uso de toda la planta y de los 3 principios alqu\u00edmicos, el esp\u00edritu, el alma y el cuerpo de la planta, d\u00e1ndole un muy sabroso. M\u00e1s Tintura m\u00e1s potente y espiritualmente completa que cualquier cosa que usted puede comprar en las tiendas y, sin embargo, segura y eficaz. \u00a0 \u00a0 \u00a0 \u00a0 \u00a0 <\/span><\/p>\n<p class=\"tw-data-text tw-text-large tw-ta\" dir=\"ltr\" data-placeholder=\"Translation\" aria-label=\"Texto traducido\" data-ved=\"2ahUKEwjBu5XmnIaHAxWEke4BHRD9BWUQ3ewLegQIBhAU\"><span class=\"Y2IQFc\" lang=\"en\">\u00a0 \u00a0 \u00a0 Los antiguos alquimistas sab\u00edan que cada planta fue gobernado por un cierto planeta y que ese planeta tambi\u00e9n fall\u00f3 un determinado \u00f3rgano del cuerpo. Los alquimistas tendr\u00eda 7 basic tinturas, cada uno gobernado por un planeta diferente y que afectan a diferentes \u00f3rganos. As\u00ed que tomando un diferente tintura de cada d\u00eda en el que fue gobernado por el planeta que podr\u00eda mejorar y renovar cada \u00f3rgano de su cuerpo y elevar sus vibraciones espirituales. \u00a0 \u00a0 \u00a0<\/span><\/p>\n<p class=\"tw-data-text tw-text-large tw-ta\" dir=\"ltr\" data-placeholder=\"Translation\" aria-label=\"Texto traducido\" data-ved=\"2ahUKEwjBu5XmnIaHAxWEke4BHRD9BWUQ3ewLegQIBhAU\"><span class=\"Y2IQFc\" lang=\"en\">\u00a0 \u00a0 \u00a0El ajo es regido por Marte, que las reglas de la ves\u00edcula biliar. Esta tintura es mejor tomarse el martes, un d\u00eda regido por Marte, para la salud en general, pero puede ser tomado en cualquier momento cuando sea necesario.<\/span><\/p>","protected":false},"excerpt":{"rendered":"<p><span class=\"Y2IQFc\" lang=\"en\">\u00a0Un Alqu\u00edmicos B\u00e1sicos de Ajo. Esta tintura ayuda con gases, distensi\u00f3n abdominal, estre\u00f1imiento, ayuda a eliminar los par\u00e1sitos y las hemorroides. Es poderosamente la antibi\u00f3tico y antiviral, ayuda con los resfriados y la gripe, la bronquitis, el asma, afloja la flema y reduce la fiebre. Tambi\u00e9n es antif\u00fangico y ayuda a eliminar las verrugas. Excelente para el coraz\u00f3n, reduce el colesterol y la presi\u00f3n arterial, adem\u00e1s de controlar el az\u00facar en la sangre en el cuerpo.<\/span><\/p>","protected":false},"featured_media":5108,"template":"","meta":{"site-sidebar-layout":"default","site-content-layout":"","ast-site-content-layout":"default","site-content-style":"default","site-sidebar-style":"default","ast-global-header-display":"","ast-banner-title-visibility":"","ast-main-header-display":"","ast-hfb-above-header-display":"","ast-hfb-below-header-display":"","ast-hfb-mobile-header-display":"","site-post-title":"","ast-breadcrumbs-content":"","ast-featured-img":"","footer-sml-layout":"","theme-transparent-header-meta":"default","adv-header-id-meta":"","stick-header-meta":"","header-above-stick-meta":"","header-main-stick-meta":"","header-below-stick-meta":"","astra-migrate-meta-layouts":"set","ast-page-background-enabled":"default","ast-page-background-meta":{"desktop":{"background-color":"","background-image":"","background-repeat":"repeat","background-position":"center center","background-size":"auto","background-attachment":"scroll","background-type":"","background-media":"","overlay-type":"","overlay-color":"","overlay-opacity":"","overlay-gradient":""},"tablet":{"background-color":"","background-image":"","background-repeat":"repeat","background-position":"center center","background-size":"auto","background-attachment":"scroll","background-type":"","background-media":"","overlay-type":"","overlay-color":"","overlay-opacity":"","overlay-gradient":""},"mobile":{"background-color":"","background-image":"","background-repeat":"repeat","background-position":"center center","background-size":"auto","background-attachment":"scroll","background-type":"","background-media":"","overlay-type":"","overlay-color":"","overlay-opacity":"","overlay-gradient":""}},"ast-content-background-meta":{"desktop":{"background-color":"var(--ast-global-color-5)","background-image":"","background-repeat":"repeat","background-position":"center center","background-size":"auto","background-attachment":"scroll","background-type":"","background-media":"","overlay-type":"","overlay-color":"","overlay-opacity":"","overlay-gradient":""},"tablet":{"background-color":"var(--ast-global-color-5)","background-image":"","background-repeat":"repeat","background-position":"center center","background-size":"auto","background-attachment":"scroll","background-type":"","background-media":"","overlay-type":"","overlay-color":"","overlay-opacity":"","overlay-gradient":""},"mobile":{"background-color":"var(--ast-global-color-5)","background-image":"","background-repeat":"repeat","background-position":"center center","background-size":"auto","background-attachment":"scroll","background-type":"","background-media":"","overlay-type":"","overlay-color":"","overlay-opacity":"","overlay-gradient":""}}},"product_brand":[],"product_cat":[41],"product_tag":[],"class_list":{"0":"post-5104","1":"product","2":"type-product","3":"status-publish","4":"has-post-thumbnail","6":"product_cat-apothecary","7":"desktop-align-left","8":"tablet-align-left","9":"mobile-align-left","11":"first","12":"instock","13":"shipping-taxable","14":"purchasable","15":"product-type-simple"},"_links":{"self":[{"href":"https:\/\/herbismagicum.com\/es\/wp-json\/wp\/v2\/product\/5104","targetHints":{"allow":["GET"]}}],"collection":[{"href":"https:\/\/herbismagicum.com\/es\/wp-json\/wp\/v2\/product"}],"about":[{"href":"https:\/\/herbismagicum.com\/es\/wp-json\/wp\/v2\/types\/product"}],"wp:featuredmedia":[{"embeddable":true,"href":"https:\/\/herbismagicum.com\/es\/wp-json\/wp\/v2\/media\/5108"}],"wp:attachment":[{"href":"https:\/\/herbismagicum.com\/es\/wp-json\/wp\/v2\/media?parent=5104"}],"wp:term":[{"taxonomy":"product_brand","embeddable":true,"href":"https:\/\/herbismagicum.com\/es\/wp-json\/wp\/v2\/product_brand?post=5104"},{"taxonomy":"product_cat","embeddable":true,"href":"https:\/\/herbismagicum.com\/es\/wp-json\/wp\/v2\/product_cat?post=5104"},{"taxonomy":"product_tag","embeddable":true,"href":"https:\/\/herbismagicum.com\/es\/wp-json\/wp\/v2\/product_tag?post=5104"}],"curies":[{"name":"wp","href":"https:\/\/api.w.org\/{rel}","templated":true}]}}